{"id":11,"date":"2014-02-28T21:28:49","date_gmt":"2014-02-28T21:28:49","guid":{"rendered":"http:\/\/www.mg-oberschan.ch\/wordpress\/?page_id=11"},"modified":"2017-02-20T13:45:15","modified_gmt":"2017-02-20T12:45:15","slug":"auftritte","status":"publish","type":"page","link":"https:\/\/www.mg-oberschan.ch\/wordpress\/auftritte","title":{"rendered":"Anl\u00e4sse"},"content":{"rendered":"<h2>Auftritte<\/h2>\n<a href=\"webcal:\/\/www.mg-oberschan.ch\/wordpress\/events\/category\/auftritte\/feed\/eo-events\" target=\"_blank\" class=\"button\" title=\"Auftritte\"  > Auftritte abonnieren <\/a> und in den eigenen elektronischen Kalender \u00fcbernehmen.<br \/>\n<code>\n\n\t<ul  class=\"eo-events eo-events-shortcode\" > \n\n\t\t\n\t\t\t\n\t\t\t<li class=\"eo-event-venue-schulhaus-malans eo-event-cat-auftritte eo-event-future\" >\n\t\t\t\t<a href=\"https:\/\/www.mg-oberschan.ch\/wordpress\/events\/event\/malanserkonzert-3\">Malanserkonzert<\/a> am 18. Juni 2026 19:30\t\t\t<\/li>\n\n\t\t\n\t\t\t\n\t\t\t<li class=\"eo-event-venue-rest-muehle eo-event-cat-auftritte eo-event-future\" >\n\t\t\t\t<a href=\"https:\/\/www.mg-oberschan.ch\/wordpress\/events\/event\/platzkonzert-termin-1\">Platzkonzert Termin 1<\/a> am 3. September 2026 19:30\t\t\t<\/li>\n\n\t\t\n\t\t\t\n\t\t\t<li class=\"eo-event-venue-rest-muehle eo-event-cat-auftritte eo-event-future\" >\n\t\t\t\t<a href=\"https:\/\/www.mg-oberschan.ch\/wordpress\/events\/event\/platzkonzert-ausweichtermin\">Platzkonzert Ausweichtermin<\/a> am 10. September 2026 19:30\t\t\t<\/li>\n\n\t\t\n\t\t\t\n\t\t\t<li class=\"eo-event-venue-mzo eo-event-cat-auftritte eo-event-future\" >\n\t\t\t\t<a href=\"https:\/\/www.mg-oberschan.ch\/wordpress\/events\/event\/seniorennachmittag\">Altersnachmittag<\/a> am 3. Oktober 2026 14:00\t\t\t<\/li>\n\n\t\t\n\t\t\t\n\t\t\t<li class=\"eo-event-venue-mzo eo-event-cat-auftritte eo-event-future\" >\n\t\t\t\t<a href=\"https:\/\/www.mg-oberschan.ch\/wordpress\/events\/event\/seniorennachmittag\">Altersnachmittag<\/a> am 10. Oktober 2026 14:00\t\t\t<\/li>\n\n\t\t\n\t\t\t\n\t\t\t<li class=\"eo-event-venue-mzo eo-event-cat-auftritte eo-event-future\" >\n\t\t\t\t<a href=\"https:\/\/www.mg-oberschan.ch\/wordpress\/events\/event\/seniorennachmittag\">Altersnachmittag<\/a> am 17. Oktober 2026 14:00\t\t\t<\/li>\n\n\t\t\n\t\t\t\n\t\t\t<li class=\"eo-event-venue-mzo eo-event-cat-auftritte eo-event-future\" >\n\t\t\t\t<a href=\"https:\/\/www.mg-oberschan.ch\/wordpress\/events\/event\/seniorennachmittag\">Altersnachmittag<\/a> am 24. Oktober 2026 14:00\t\t\t<\/li>\n\n\t\t\n\t\t\t\n\t\t\t<li class=\"eo-event-venue-kirche-gretschins eo-event-cat-auftritte eo-event-future eo-all-day\" >\n\t\t\t\t<a href=\"https:\/\/www.mg-oberschan.ch\/wordpress\/events\/event\/ewigkeitssonntag\">Ewigkeitssonntag<\/a> am 22. November 2026\t\t\t<\/li>\n\n\t\t\n\t\t\t\n\t\t\t<li class=\"eo-event-venue-rest-muehle eo-event-cat-auftritte eo-event-future\" >\n\t\t\t\t<a href=\"https:\/\/www.mg-oberschan.ch\/wordpress\/events\/event\/christchindlimarkt-2026\">Christchindlimarkt 2026<\/a> am 28. November 2026 14:00\t\t\t<\/li>\n\n\t\t\n\t\t\t\n\t\t\t<li class=\"eo-event-cat-auftritte eo-event-future eo-all-day\" >\n\t\t\t\t<a href=\"https:\/\/www.mg-oberschan.ch\/wordpress\/events\/event\/chlausabend-fensteroeffnung-christchindlimarkt\">Chlausabend, Fenster\u00f6ffnung, Termine noch offen<\/a> am 30. November 2026\t\t\t<\/li>\n\n\t\t\n\t\t\t\n\t\t\t<li class=\"eo-event-venue-kirche-gretschins eo-event-cat-auftritte eo-event-future\" >\n\t\t\t\t<a href=\"https:\/\/www.mg-oberschan.ch\/wordpress\/events\/event\/christbaumfeier-14\">Christbaumfeier<\/a> am 31. Dezember 2026 17:00\t\t\t<\/li>\n\n\t\t\n\t\t\t\n\t\t\t<li class=\"eo-event-venue-kirche-gretschins eo-event-cat-auftritte eo-event-future\" >\n\t\t\t\t<a href=\"https:\/\/www.mg-oberschan.ch\/wordpress\/events\/event\/jahreskonzert-2027\">Jahreskonzert 2027<\/a> am 16. Januar 2027 17:00\t\t\t<\/li>\n\n\t\t\n\t<\/ul>\n\n<\/code><\/p>\n<p>Zus\u00e4tzlich finden bei guter Wetterprognose, anstelle der Donnerstagsprobe, kurzfristig angek\u00fcndigte Platzkonzerte statt.<\/p>\n<h2>Verein<\/h2>\n<p>Regelm\u00e4ssige Proben am Donnerstagabend von 20 bis 21.30 Uhr im MZO Oberschan.<br \/>\n<code>\n\n\t<ul  class=\"eo-events eo-events-shortcode\" > \n\n\t\t\n\t\t\t\n\t\t\t<li class=\"eo-event-cat-verein eo-event-future eo-multi-day eo-all-day\" >\n\t\t\t\t<a href=\"https:\/\/www.mg-oberschan.ch\/wordpress\/events\/event\/ferien-14\">Ferien<\/a> am 6. Juli 2026\t\t\t<\/li>\n\n\t\t\n\t\t\t\n\t\t\t<li class=\"eo-event-cat-verein eo-event-future eo-all-day\" >\n\t\t\t\t<a href=\"https:\/\/www.mg-oberschan.ch\/wordpress\/events\/event\/vereinsreise\">Vereinsreise<\/a> am 6. September 2026\t\t\t<\/li>\n\n\t\t\n\t<\/ul>\n\n<\/code><\/p>\n","protected":false},"excerpt":{"rendered":"<p>Auftritte und in den eigenen elektronischen Kalender \u00fcbernehmen. Zus\u00e4tzlich finden bei guter Wetterprognose, anstelle der Donnerstagsprobe, kurzfristig angek\u00fcndigte Platzkonzerte statt. Verein Regelm\u00e4ssige Proben am Donnerstagabend von 20 bis 21.30 Uhr im MZO Oberschan.<\/p>\n","protected":false},"author":1,"featured_media":0,"parent":0,"menu_order":0,"comment_status":"closed","ping_status":"open","template":"","meta":{"_bbp_topic_count":0,"_bbp_reply_count":0,"_bbp_total_topic_count":0,"_bbp_total_reply_count":0,"_bbp_voice_count":0,"_bbp_anonymous_reply_count":0,"_bbp_topic_count_hidden":0,"_bbp_reply_count_hidden":0,"_bbp_forum_subforum_count":0,"yasr_overall_rating":0,"yasr_post_is_review":"","yasr_auto_insert_disabled":"","yasr_review_type":"","footnotes":""},"class_list":["post-11","page","type-page","status-publish","hentry"],"yasr_visitor_votes":{"stars_attributes":{"read_only":true,"span_bottom":"<div class='yasr-small-block-bold'><span class='yasr-visitor-votes-must-sign-in'>You must sign in to vote<\/span><\/div>"},"number_of_votes":0,"sum_votes":0},"_links":{"self":[{"href":"https:\/\/www.mg-oberschan.ch\/wordpress\/wp-json\/wp\/v2\/pages\/11","targetHints":{"allow":["GET"]}}],"collection":[{"href":"https:\/\/www.mg-oberschan.ch\/wordpress\/wp-json\/wp\/v2\/pages"}],"about":[{"href":"https:\/\/www.mg-oberschan.ch\/wordpress\/wp-json\/wp\/v2\/types\/page"}],"author":[{"embeddable":true,"href":"https:\/\/www.mg-oberschan.ch\/wordpress\/wp-json\/wp\/v2\/users\/1"}],"replies":[{"embeddable":true,"href":"https:\/\/www.mg-oberschan.ch\/wordpress\/wp-json\/wp\/v2\/comments?post=11"}],"version-history":[{"count":23,"href":"https:\/\/www.mg-oberschan.ch\/wordpress\/wp-json\/wp\/v2\/pages\/11\/revisions"}],"predecessor-version":[{"id":1658,"href":"https:\/\/www.mg-oberschan.ch\/wordpress\/wp-json\/wp\/v2\/pages\/11\/revisions\/1658"}],"wp:attachment":[{"href":"https:\/\/www.mg-oberschan.ch\/wordpress\/wp-json\/wp\/v2\/media?parent=11"}],"curies":[{"name":"wp","href":"https:\/\/api.w.org\/{rel}","templated":true}]}}