{"id":1209,"date":"2016-01-06T14:10:03","date_gmt":"2016-01-06T13:10:03","guid":{"rendered":"http:\/\/www.mg-oberschan.ch\/wordpress\/?page_id=1209"},"modified":"2017-01-19T14:55:12","modified_gmt":"2017-01-19T13:55:12","slug":"neujahrskonzerte-2016","status":"publish","type":"page","link":"https:\/\/www.mg-oberschan.ch\/wordpress\/neujahrskonzerte-2016","title":{"rendered":"Neujahrskonzerte 2016"},"content":{"rendered":"<p><em>2. Januar 2016 in der Christuskirche Oberstdorf und 3. Januar 2016 in der Kirche Gretschins<\/em><\/p>\n<p><a href=\"http:\/\/www.mg-oberschan.ch\/wordpress\/wp-content\/uploads\/2015\/12\/2015-12-Flyer-Neujahrskonzert-MGO2.pdf\">Flyer<\/a>\u00a0mit Programm,\u00a0<a href=\"http:\/\/www.mg-oberschan.ch\/wordpress\/wp-content\/uploads\/2016\/01\/WundO-6_Jan_2016.pdf\" rel=\"\">Zeitungsbericht<\/a><\/p>\n<p>Es war uns Mitgliedern der Musikgesellschaft Oberschan eine Ehre und freute uns ausserordentlich, dass wir zus\u00e4tzlich zu unserem gemeinsamen Neujahrskonzert mit der <a href=\"http:\/\/familienmusik-althaus.de\/\">Familienmusik Althaus<\/a> in Gretschins, die M\u00f6glichkeit erhielten, unser Programm einen Tag fr\u00fcher in der Christuskirche in Oberstdorf (D) aufzuf\u00fchren.<\/p>\n<p>Am Samstag, 2. Januar 2016 fuhren wir um 11.00 Uhr in Fahrgemeinschaften in Oberschan los, um uns nach einer Kaffeepause p\u00fcnktlich um 14.00 Uhr in der Christuskirche in Oberstdorf zur gemeinsamen Probe mit der Familienmusik Althaus zu treffen. Die Familie Althaus stammt aus der Gegend und hatte an diesem Tag eindeutig die k\u00fcrzere Anreise.<\/p>\n<p>Die Kirche in Oberstdorf war fast bis zum letzten Platz besetzt, dies, obwohl vermutlich niemand in Oberstdorf die Musikgesellschaft Oberschan kennt und gewiss noch andere Attraktionen stattfinden in dieser bekannten Ortschaft. Unser Auftritt wurde aber auch in diversen online-Veranstaltungs-Kalendern in Oberstdorf und Umgebung erw\u00e4hnt, was wir gar nicht wussten und erst im Nachhinein im Internet fanden. Lediglich zwei G\u00e4ste sind von unserer Seite her mitgereist. Dies freute uns aber umso mehr, damit wir nicht vor ausschliesslich fremdem Publikum spielten. Die Familienmusik Althaus hingegen hat sich einen Namen gemacht im Allg\u00e4u.<\/p>\n<p>Es machte uns grosse Freude, dem interessierten und aufmerksamen Publikum unser vielseitiges Programm zu pr\u00e4sentieren. Durch die abwechselnden Blocks mit der Familienmusik Althaus und das Auff\u00fchren gemeinsamer St\u00fccke war das Programm sehr abwechslungsreich und unterhaltsam. Wir erhielten grossen Applaus und sehr sch\u00f6ne Komplimente f\u00fcr unser Konzert.\u00a0 Nach einem gem\u00fctlichen gemeinsamen Nachtessen nahmen wir den Heimweg unter die R\u00e4der und sahen dann ausnahmsweise in diesem Winter unterwegs auch mal Schneegest\u00f6ber. Gegen Mitternacht trafen wir sehr zufrieden und mit neuen Eindr\u00fccken im Wartau ein.<\/p>\n<p>Am Sonntag, 3. Januar 2016 fand dann unser gemeinsames Konzert in der Kirche in Gretschins statt, wozu die Familie Althaus am Sonntag aus dem Allg\u00e4u anreiste.<\/p>\n<p>Bereits um 16.15 h, w\u00e4hrend wir nochmals kurz probten und die Instrumente stimmten, kamen die ersten Zuh\u00f6rer, um sicher zu gehen, auch ganz bestimmt einen Platz zu bekommen.<\/p>\n<p>Um 17.00 Uhr nach einer Ansprache der Kirchgemeindepr\u00e4sidentin Annalies Forrer er\u00f6ffneten wir das Konzert und spielten wiederum unser Programm. Auch in Gretschins war die Kirche \u00e4usserst gut besetzt. Wir durften auch auf unsere treuen Zuh\u00f6rer z\u00e4hlen, die seit Jahren regelm\u00e4ssig zu unseren Auftritten kommen und uns unterst\u00fctzen, manche auch als Passivmitglieder. So hofften wir, dass unser Konzert zuhause ebenso guten Anklang finden w\u00fcrde wie am Vortag in Deutschland. Dem war so, denn f\u00fcr jede Darbietung erhielten wir grossen Applaus und am Schluss des Konzertes Standing Ovation. Zus\u00e4tzlich zu der Zugabe, bei der die Besucher bei einem Lied aus der Schw\u00e4bischen T\u00fcrkei (Ungarn) mitsingen durften, spielten wir nochmals unser erstes St\u00fcck, Land of Hope und Glory. Die Familienmusik Althaus, welche beim letzten Neujahrskonzert bereits zusammen mit uns in der Kirche Gretschins aufgetreten ist und begeisterte, erhielt auch dieses Jahr wieder grosses Lob.<\/p>\n<p>Es macht uns Spass, gemeinsam mit der Familienmusik Althaus zu musizieren, aber auch der Musik dieser sympathischen Formation zu lauschen, wenn sie ihre eigenen Darbietungen ohne Begleitung der Musikgesellschaft Oberschan pr\u00e4sentieren.<\/p>\n<p>Nach dem Konzert in Gretschins offerierten wir den Konzertbesuchern ein Gl\u00e4schen R\u00f6teli, um aufs Neue Jahr anzustossen und die Gelegenheit zu nutzen, sich ein bisschen zu unterhalten.<\/p>\n<p>Herzlichen Dank all den Besuchern f\u00fcr den warmen Applaus und die sch\u00f6nen Komplimente, die wir entgegen nehmen durften und den Verantwortlichen daf\u00fcr, dass wir die Kirchen f\u00fcr unser Konzert nutzen durften.\u00a0(cs)<\/p>\n","protected":false},"excerpt":{"rendered":"<p>2. Januar 2016 in der Christuskirche Oberstdorf und 3. Januar 2016 in der Kirche Gretschins Flyer\u00a0mit Programm,\u00a0Zeitungsbericht Es war uns Mitgliedern der Musikgesellschaft Oberschan eine Ehre und freute uns ausserordentlich, dass wir zus\u00e4tzlich zu unserem gemeinsamen Neujahrskonzert mit der Familienmusik Althaus in Gretschins, die M\u00f6glichkeit erhielten, unser Programm einen Tag fr\u00fcher in der Christuskirche in [&hellip;]<\/p>\n","protected":false},"author":1,"featured_media":0,"parent":0,"menu_order":0,"comment_status":"closed","ping_status":"closed","template":"","meta":{"_bbp_topic_count":0,"_bbp_reply_count":0,"_bbp_total_topic_count":0,"_bbp_total_reply_count":0,"_bbp_voice_count":0,"_bbp_anonymous_reply_count":0,"_bbp_topic_count_hidden":0,"_bbp_reply_count_hidden":0,"_bbp_forum_subforum_count":0,"yasr_overall_rating":0,"yasr_post_is_review":"","yasr_auto_insert_disabled":"","yasr_review_type":"","footnotes":""},"class_list":["post-1209","page","type-page","status-publish","hentry"],"yasr_visitor_votes":{"stars_attributes":{"read_only":true,"span_bottom":"<div class='yasr-small-block-bold'><span class='yasr-visitor-votes-must-sign-in'>You must sign in to vote<\/span><\/div>"},"number_of_votes":0,"sum_votes":0},"_links":{"self":[{"href":"https:\/\/www.mg-oberschan.ch\/wordpress\/wp-json\/wp\/v2\/pages\/1209","targetHints":{"allow":["GET"]}}],"collection":[{"href":"https:\/\/www.mg-oberschan.ch\/wordpress\/wp-json\/wp\/v2\/pages"}],"about":[{"href":"https:\/\/www.mg-oberschan.ch\/wordpress\/wp-json\/wp\/v2\/types\/page"}],"author":[{"embeddable":true,"href":"https:\/\/www.mg-oberschan.ch\/wordpress\/wp-json\/wp\/v2\/users\/1"}],"replies":[{"embeddable":true,"href":"https:\/\/www.mg-oberschan.ch\/wordpress\/wp-json\/wp\/v2\/comments?post=1209"}],"version-history":[{"count":4,"href":"https:\/\/www.mg-oberschan.ch\/wordpress\/wp-json\/wp\/v2\/pages\/1209\/revisions"}],"predecessor-version":[{"id":1610,"href":"https:\/\/www.mg-oberschan.ch\/wordpress\/wp-json\/wp\/v2\/pages\/1209\/revisions\/1610"}],"wp:attachment":[{"href":"https:\/\/www.mg-oberschan.ch\/wordpress\/wp-json\/wp\/v2\/media?parent=1209"}],"curies":[{"name":"wp","href":"https:\/\/api.w.org\/{rel}","templated":true}]}}