{"id":247,"date":"2014-07-09T11:31:51","date_gmt":"2014-07-09T09:31:51","guid":{"rendered":"http:\/\/mg-oberschan.ch\/?page_id=247"},"modified":"2014-07-09T11:31:51","modified_gmt":"2014-07-09T09:31:51","slug":"platzkonzert-in-gretschins-2014","status":"publish","type":"page","link":"https:\/\/www.mg-oberschan.ch\/wordpress\/platzkonzert-in-gretschins-2014","title":{"rendered":"Platzkonzert in Gretschins 2014"},"content":{"rendered":"<p><a href=\"http:\/\/www.mg-oberschan.ch\/wordpress\/wp-content\/uploads\/2014\/06\/Platzkonzert.png\"><img loading=\"lazy\" decoding=\"async\" class=\"wp-image-217 aligncenter\" src=\"http:\/\/www.mg-oberschan.ch\/wordpress\/wp-content\/uploads\/2014\/06\/Platzkonzert-724x1024.png\" alt=\"Platzkonzert\" width=\"459\" height=\"649\" srcset=\"https:\/\/www.mg-oberschan.ch\/wordpress\/wp-content\/uploads\/2014\/06\/Platzkonzert-724x1024.png 724w, https:\/\/www.mg-oberschan.ch\/wordpress\/wp-content\/uploads\/2014\/06\/Platzkonzert-212x300.png 212w, https:\/\/www.mg-oberschan.ch\/wordpress\/wp-content\/uploads\/2014\/06\/Platzkonzert-624x882.png 624w, https:\/\/www.mg-oberschan.ch\/wordpress\/wp-content\/uploads\/2014\/06\/Platzkonzert.png 1654w\" sizes=\"auto, (max-width: 459px) 100vw, 459px\" \/><\/a>Die <strong>Musikgesellschaft Oberschan<\/strong> begr\u00fcsst Sie zu einem gem\u00fctlichen Abend in <strong>Gretschins<\/strong>. Wir spielen f\u00fcr Sie traditionelle und modernere <strong>Blasmusik<\/strong>. In der Pause tritt die <strong>Alphorngruppe<\/strong> von Kurt Rothenberger auf und am Schluss spielt eine <strong>Kleinformation<\/strong> noch traditionelle Tanzmusik.<\/p>\n<p>Sie erreichen uns vom Dorfzentrum aus zu Fuss auf dem ebenen Weg Richtung Tobel (allgemeine Richtung Sargans) nach etwa 300 m (<a title=\"Konzert Gretschins\" href=\"http:\/\/mg-oberschan.ch\/?event=konzert-gretschin\">ausf\u00fchrliche Wegbeschreibung<\/a>).<\/p>\n<p>Wir freuen uns auf Ihre Teilnahme.<\/p>\n","protected":false},"excerpt":{"rendered":"<p>Die Musikgesellschaft Oberschan begr\u00fcsst Sie zu einem gem\u00fctlichen Abend in Gretschins. Wir spielen f\u00fcr Sie traditionelle und modernere Blasmusik. In der Pause tritt die Alphorngruppe von Kurt Rothenberger auf und am Schluss spielt eine Kleinformation noch traditionelle Tanzmusik. Sie erreichen uns vom Dorfzentrum aus zu Fuss auf dem ebenen Weg Richtung Tobel (allgemeine Richtung Sargans) [&hellip;]<\/p>\n","protected":false},"author":1,"featured_media":0,"parent":0,"menu_order":0,"comment_status":"closed","ping_status":"open","template":"","meta":{"_bbp_topic_count":0,"_bbp_reply_count":0,"_bbp_total_topic_count":0,"_bbp_total_reply_count":0,"_bbp_voice_count":0,"_bbp_anonymous_reply_count":0,"_bbp_topic_count_hidden":0,"_bbp_reply_count_hidden":0,"_bbp_forum_subforum_count":0,"yasr_overall_rating":0,"yasr_post_is_review":"","yasr_auto_insert_disabled":"","yasr_review_type":"","footnotes":""},"class_list":["post-247","page","type-page","status-publish","hentry"],"yasr_visitor_votes":{"stars_attributes":{"read_only":true,"span_bottom":"<div class='yasr-small-block-bold'><span class='yasr-visitor-votes-must-sign-in'>You must sign in to vote<\/span><\/div>"},"number_of_votes":0,"sum_votes":0},"_links":{"self":[{"href":"https:\/\/www.mg-oberschan.ch\/wordpress\/wp-json\/wp\/v2\/pages\/247","targetHints":{"allow":["GET"]}}],"collection":[{"href":"https:\/\/www.mg-oberschan.ch\/wordpress\/wp-json\/wp\/v2\/pages"}],"about":[{"href":"https:\/\/www.mg-oberschan.ch\/wordpress\/wp-json\/wp\/v2\/types\/page"}],"author":[{"embeddable":true,"href":"https:\/\/www.mg-oberschan.ch\/wordpress\/wp-json\/wp\/v2\/users\/1"}],"replies":[{"embeddable":true,"href":"https:\/\/www.mg-oberschan.ch\/wordpress\/wp-json\/wp\/v2\/comments?post=247"}],"version-history":[{"count":2,"href":"https:\/\/www.mg-oberschan.ch\/wordpress\/wp-json\/wp\/v2\/pages\/247\/revisions"}],"predecessor-version":[{"id":249,"href":"https:\/\/www.mg-oberschan.ch\/wordpress\/wp-json\/wp\/v2\/pages\/247\/revisions\/249"}],"wp:attachment":[{"href":"https:\/\/www.mg-oberschan.ch\/wordpress\/wp-json\/wp\/v2\/media?parent=247"}],"curies":[{"name":"wp","href":"https:\/\/api.w.org\/{rel}","templated":true}]}}