{"id":2532,"date":"2025-01-31T19:23:53","date_gmt":"2025-01-31T18:23:53","guid":{"rendered":"https:\/\/www.mg-oberschan.ch\/wordpress\/?page_id=2532"},"modified":"2026-01-16T13:03:41","modified_gmt":"2026-01-16T12:03:41","slug":"150-jahre-musikgesellschaft-oberschan","status":"publish","type":"page","link":"https:\/\/www.mg-oberschan.ch\/wordpress\/150-jahre-musikgesellschaft-oberschan","title":{"rendered":"150 Jahre Musikgesellschaft Oberschan"},"content":{"rendered":"\n<p><em>Die Musikgesellschaft Oberschan wurde 1875 gegr\u00fcndet, sie feiert heuer ihr 150-j\u00e4hriges Bestehen. In bescheidenem Rahmen sind verschiedene Jubil\u00e4umsaktivit\u00e4ten geplant.&nbsp;<\/em><\/p>\n\n\n\n<figure class=\"wp-block-image size-large is-resized\"><a href=\"https:\/\/www.mg-oberschan.ch\/wordpress\/wp-content\/uploads\/2025\/05\/image.png\"><img loading=\"lazy\" decoding=\"async\" width=\"1024\" height=\"763\" src=\"https:\/\/www.mg-oberschan.ch\/wordpress\/wp-content\/uploads\/2025\/05\/image-1024x763.png\" alt=\"\" class=\"wp-image-2824\" style=\"width:655px;height:488px\" srcset=\"https:\/\/www.mg-oberschan.ch\/wordpress\/wp-content\/uploads\/2025\/05\/image-1024x763.png 1024w, https:\/\/www.mg-oberschan.ch\/wordpress\/wp-content\/uploads\/2025\/05\/image-300x224.png 300w, https:\/\/www.mg-oberschan.ch\/wordpress\/wp-content\/uploads\/2025\/05\/image-768x572.png 768w, https:\/\/www.mg-oberschan.ch\/wordpress\/wp-content\/uploads\/2025\/05\/image-800x596.png 800w, https:\/\/www.mg-oberschan.ch\/wordpress\/wp-content\/uploads\/2025\/05\/image-624x465.png 624w, https:\/\/www.mg-oberschan.ch\/wordpress\/wp-content\/uploads\/2025\/05\/image.png 1331w\" sizes=\"auto, (max-width: 1024px) 100vw, 1024px\" \/><\/a><figcaption class=\"wp-element-caption\">&#8220;Schaner Musig&#8221; 1919<\/figcaption><\/figure>\n\n\n\n<p><strong>Neue Mitglieder<\/strong><\/p>\n\n\n\n<p>Mit Blick in die Zukunft und um das Weiterbestehen zu sichern, liegt das Hauptaugenmerk auf der Werbung neuer Mitglieder. Wir sind eine kleine, feine Musig, die sich immer \u00fcber sehr positive R\u00fcckmeldungen unserer Zuh\u00f6rer freuen darf. Wir m\u00f6chten unbedingt die \u00abSchaner Musig\u00bb so weiterf\u00fchren. Wir hoffen, dass sich gerade im Jubeljahr neue Mitglieder, von jung bis alt und vom Anf\u00e4nger bis zu bestandenen Musikantinnen und Musikanten, uns anschliessen m\u00f6chten. Das w\u00e4re unser gr\u00f6sster Wunsch, der zum 150sten in Erf\u00fcllung gehen k\u00f6nnte.&nbsp;<\/p>\n\n\n\n<p>Tragen Sie doch zum Gelingen bei, wagen Sie einen ersten Schritt und nehmen Sie mit uns Kontakt (&#x69;n&#x66;&#111;&#x40;&#109;&#x67;&#x2d;o&#x62;&#101;&#x72;&#115;&#x63;&#104;a&#x6e;&#46;&#x63;&#104;, 081 783 24 47) auf.&nbsp;<\/p>\n\n\n\n<p><strong>Jubil\u00e4umskonzert<\/strong><\/p>\n\n\n\n<p>Am Samstag, 21. Juni 2025, spielen wir unser Jubil\u00e4umskonzert im Mehrzweckgeb\u00e4ude Oberschan. Das Programm wird eine Mischung aus neuen St\u00fccken, aber auch alten Hits der \u00abSchaner Musig\u00bb, enthalten. Als Beispiel sei die fr\u00fcher oft gespielte, heute aber kaum mehr geh\u00f6rte Ambosspolka genannt. Als Solist am Amboss wird Schmitta J\u00fcrg den Takt schlagen. Wir starten um 16 Uhr mit einem offerierten Ap\u00e9ro, um 17 Uhr folgt der erste Musikblock, ab 18 Uhr gibt es feine Grilladen von Hansj\u00fcrg Senn, danach folgt um 19.30 Uhr ein zweiter Musikblock.&nbsp;<\/p>\n\n\n\n<p><strong>R\u00fcckblick<\/strong><\/p>\n\n\n\n<p>Die kleine \u00abSchaner Musig\u00bb gibt es seit 150 Jahren, das ist doch erstaunlich. Ihre Geschichte ist gepr\u00e4gt durch H\u00f6hen und Tiefen. Viel wurde erlebt und auch gut dokumentiert. In einer rund 60-seitigen Festschrift, die zum Selbstkostenpreis erworben werden kann, sind wichtige, interessante und auch erheiternde Episoden zusammengestellt.\u00a0<\/p>\n\n\n\n\n\n<div data-wp-interactive=\"core\/file\" class=\"wp-block-file\"><object data-wp-bind--hidden=\"!state.hasPdfPreview\" hidden class=\"wp-block-file__embed\" data=\"https:\/\/www.mg-oberschan.ch\/wordpress\/wp-content\/uploads\/2026\/01\/150-Jahre-MGO.pdf\" type=\"application\/pdf\" style=\"width:100%;height:600px\" aria-label=\"Einbettung von 150 Jahre MGO.\"><\/object><a id=\"wp-block-file--media-cb8afe3d-ccbd-40a2-9947-04ed563c335b\" href=\"https:\/\/www.mg-oberschan.ch\/wordpress\/wp-content\/uploads\/2026\/01\/150-Jahre-MGO.pdf\">150 Jahre MGO<\/a><a href=\"https:\/\/www.mg-oberschan.ch\/wordpress\/wp-content\/uploads\/2026\/01\/150-Jahre-MGO.pdf\" class=\"wp-block-file__button wp-element-button\" download aria-describedby=\"wp-block-file--media-cb8afe3d-ccbd-40a2-9947-04ed563c335b\">Herunterladen<\/a><\/div>\n","protected":false},"excerpt":{"rendered":"<p>Die Musikgesellschaft Oberschan wurde 1875 gegr\u00fcndet, sie feiert heuer ihr 150-j\u00e4hriges Bestehen. In bescheidenem Rahmen sind verschiedene Jubil\u00e4umsaktivit\u00e4ten geplant.&nbsp; Neue Mitglieder Mit Blick in die Zukunft und um das Weiterbestehen zu sichern, liegt das Hauptaugenmerk auf der Werbung neuer Mitglieder. Wir sind eine kleine, feine Musig, die sich immer \u00fcber sehr positive R\u00fcckmeldungen unserer Zuh\u00f6rer [&hellip;]<\/p>\n","protected":false},"author":1,"featured_media":0,"parent":0,"menu_order":0,"comment_status":"closed","ping_status":"closed","template":"","meta":{"_bbp_topic_count":0,"_bbp_reply_count":0,"_bbp_total_topic_count":0,"_bbp_total_reply_count":0,"_bbp_voice_count":0,"_bbp_anonymous_reply_count":0,"_bbp_topic_count_hidden":0,"_bbp_reply_count_hidden":0,"_bbp_forum_subforum_count":0,"yasr_overall_rating":0,"yasr_post_is_review":"","yasr_auto_insert_disabled":"","yasr_review_type":"","footnotes":""},"class_list":["post-2532","page","type-page","status-publish","hentry"],"yasr_visitor_votes":{"stars_attributes":{"read_only":true,"span_bottom":"<div class='yasr-small-block-bold'><span class='yasr-visitor-votes-must-sign-in'>You must sign in to vote<\/span><\/div>"},"number_of_votes":0,"sum_votes":0},"_links":{"self":[{"href":"https:\/\/www.mg-oberschan.ch\/wordpress\/wp-json\/wp\/v2\/pages\/2532","targetHints":{"allow":["GET"]}}],"collection":[{"href":"https:\/\/www.mg-oberschan.ch\/wordpress\/wp-json\/wp\/v2\/pages"}],"about":[{"href":"https:\/\/www.mg-oberschan.ch\/wordpress\/wp-json\/wp\/v2\/types\/page"}],"author":[{"embeddable":true,"href":"https:\/\/www.mg-oberschan.ch\/wordpress\/wp-json\/wp\/v2\/users\/1"}],"replies":[{"embeddable":true,"href":"https:\/\/www.mg-oberschan.ch\/wordpress\/wp-json\/wp\/v2\/comments?post=2532"}],"version-history":[{"count":23,"href":"https:\/\/www.mg-oberschan.ch\/wordpress\/wp-json\/wp\/v2\/pages\/2532\/revisions"}],"predecessor-version":[{"id":2999,"href":"https:\/\/www.mg-oberschan.ch\/wordpress\/wp-json\/wp\/v2\/pages\/2532\/revisions\/2999"}],"wp:attachment":[{"href":"https:\/\/www.mg-oberschan.ch\/wordpress\/wp-json\/wp\/v2\/media?parent=2532"}],"curies":[{"name":"wp","href":"https:\/\/api.w.org\/{rel}","templated":true}]}}