{"id":349,"date":"2014-12-13T13:38:49","date_gmt":"2014-12-13T12:38:49","guid":{"rendered":"http:\/\/mg-oberschan.ch\/?page_id=349"},"modified":"2014-12-27T16:15:10","modified_gmt":"2014-12-27T15:15:10","slug":"der-schlonz-macht-die-musik","status":"publish","type":"page","link":"https:\/\/www.mg-oberschan.ch\/wordpress\/der-schlonz-macht-die-musik","title":{"rendered":"Der &#8220;Schlonz&#8221; macht die Musik"},"content":{"rendered":"<p><strong>Josef Althaus ist Dozent f\u00fcr technische Mechanik am NTB in Buchs. Das ist aber nur eine Seite seiner Person. Ein ebenso grosser Teil in ihm ist leidenschaftlicher Musiker. Abends und am Wochenende und wann immer er Zeit findet.<\/strong><\/p>\n<address>Mirja Keller, Werdenberger&amp;Obertoggenburger, 13.12.2014<\/address>\n<p><strong>Buchs<\/strong>. \u00abWie kommen die Obert\u00f6ne vom Alphorn zustande?\u00bb Oder: \u00abWie schwingt die Saite von einem Instrument?\u00bb Diese Fragen pflegt Josef Althaus seinen Studenten gerne hie und da zu stellen. Und l\u00e4sst damit in den Vorlesungen am NTB f\u00fcr einen kurzen Moment seine Leidenschaft f\u00fcr die Musik durchsickern. Ansonsten ist der erfahrene Dozent aber stets darauf bedacht, Hobby und Beruf nicht zu mischen. Es sind f\u00fcr ihn zwei verschiedene Welten. Zwei Welten mit einer kleinen Verbindungsbr\u00fccke.<\/p>\n<p><strong>Akkordeon und Schwyzer\u00f6rgeli<\/strong><\/p>\n<p>Von Kindesbeinen an schl\u00e4gt Althaus&#8217; Herz f\u00fcr die Musik, vor allem f\u00fcr die Volksmusik. Mit f\u00fcnfzehn beherrschte er schon Fl\u00f6te, Akkordeon und Zither, sp\u00e4ter kam das Schwyzer\u00f6rgeli dazu. Letzteres schien Vorsehung gewesen zu sein, wenn man bedenkt, dass es Josef Althaus einige Jahre sp\u00e4ter in die Schweiz zieht, wo er an der NTB f\u00fcr die Studienrichtung Maschinenbau zust\u00e4ndig ist und ab Januar das Institut f\u00fcr Entwicklung mechatronischer Systeme leitet.<\/p>\n<p>Aufgewachsen ist der begeisterte Musiker jedoch im deutschen Allg\u00e4u, wo er auch mit seiner Familie lebt \u2013 jedenfalls am Wochenende. Werktags arbeitet und wohnt der Hochschuldozent in Buchs. Und in den freien Abendstunden widmet er sich seiner Leidenschaft, welche ihm in die Schweiz gefolgt ist: Dem Musizieren und Komponieren.<\/p>\n<p><strong>Die Logik in der Musik<\/strong><\/p>\n<p>Die Besch\u00e4ftigung mit der Musik bringt f\u00fcr den studierten Maschinenbauer den idealen Ausgleich, nur schon, weil sie gewissermassen einen Gegenpol zu seiner Arbeit bildet. W\u00e4hrend n\u00e4mlich seine T\u00e4tigkeit als Mechanikdozent vor allem logisches Denken erfordere, bestehe die Musik f\u00fcr ihn aus Emotionen und Ausdruck, wie er erkl\u00e4rt.<\/p>\n<p>\u00abNat\u00fcrlich ist die Musik auch sehr logisch\u00bb, weist Althaus auf eine der Verbindungen hin und erg\u00e4nzt: \u00abMan kann zum Beispiel mit Formeln begr\u00fcnden, weshalb ein Dreiklang sch\u00f6n t\u00f6nt. Aber daran denke ich nicht, wenn ich Musik mache.\u00bb<\/p>\n<p>Dann n\u00e4mlich gewinnt der K\u00fcnstler in Josef Althaus die \u00dcberhand und l\u00e4sst den Wissenschaftler f\u00fcr eine Weile in den Hintergrund treten. Mit seiner Begeisterung f\u00fcr die Volksmusik ist er im Hause Althaus nicht allein: Auch seine Frau und die drei T\u00f6chter teilen seine Leidenschaft. Zusammen mit ihnen, seiner Schwester und deren Sohn entstand die Familienmusik Althaus, die mit Geigen-, Harfen- und Akkordeonkl\u00e4ngen sowie mit ihrem Gesang manches Herz erw\u00e4rmt.<\/p>\n<p><strong>\u00abFeldforschung\u00bb bei Dirigenten<\/strong><\/p>\n<p>Seit einem Jahr ist Josef Althaus ausserdem Dirigent der Musikgesellschaft Oberschan. Eine neue Herausforderung f\u00fcr den erfahrenen Musiker: \u00abIch habe vorher noch nie ein Orchester dirigiert. Um mir das n\u00f6tige Wissen anzueignen, habe ich deshalb einen Intensivkurs besucht.\u00bb<\/p>\n<p>Damit war die Ausbildung aber noch nicht abgeschlossen: Vieles musste sich der Hobbymusiker im Selbststudium erwerben. Um seine theoretischen Kenntnisse zu vertiefen, betreibt Althaus eine Art \u00abFeldforschung\u00bb: Seit er selbst Dirigent ist, besucht er Konzerte nicht mehr nur zum Genuss, sondern auch zur pers\u00f6nlichen Weiterbildung: \u00abIch beobachte die Handbewegungen der Profi-Dirigenten und versuche beim Zuschauen von ihnen zu lernen\u00bb, erkl\u00e4rt Althaus seine Methode.<\/p>\n<p><strong>Mit viel \u00abSchlonz\u00bb bei der Sache<\/strong><\/p>\n<p>Als Dirigent ist Josef Althaus vor allem f\u00fcr die Einstudierung der St\u00fccke und die musikalische Koordination der Musiker zust\u00e4ndig, oder wie er selbst sagt: \u00abIch k\u00fcmmere mich um den n\u00f6tigen Schlonz\u00bb. \u2013 Ein Ausdruck im allg\u00e4uischen Dialekt f\u00fcr \u00abSchwung\u00bb.<\/p>\n<p>Ordentlich Schwung in sein Leben bringen auch die Auftritte mit der Familienmusik Althaus, wof\u00fcr an den Wochenenden geprobt wird. Viel Zeit bleibt da nicht um die F\u00fcsse hochzulegen. Kein Problem f\u00fcr Josef Althaus: \u00abIch habe die Musik nie als Stress empfunden. Auch wenn wir an einem Wochenende mehrere Auftritte haben, am Montag bin ich ausgeruht.\u00bb<\/p>\n","protected":false},"excerpt":{"rendered":"<p>Josef Althaus ist Dozent f\u00fcr technische Mechanik am NTB in Buchs. Das ist aber nur eine Seite seiner Person. Ein ebenso grosser Teil in ihm ist leidenschaftlicher Musiker. Abends und am Wochenende und wann immer er Zeit findet. Mirja Keller, Werdenberger&amp;Obertoggenburger, 13.12.2014 Buchs. \u00abWie kommen die Obert\u00f6ne vom Alphorn zustande?\u00bb Oder: \u00abWie schwingt die Saite [&hellip;]<\/p>\n","protected":false},"author":1,"featured_media":0,"parent":0,"menu_order":0,"comment_status":"closed","ping_status":"open","template":"","meta":{"_bbp_topic_count":0,"_bbp_reply_count":0,"_bbp_total_topic_count":0,"_bbp_total_reply_count":0,"_bbp_voice_count":0,"_bbp_anonymous_reply_count":0,"_bbp_topic_count_hidden":0,"_bbp_reply_count_hidden":0,"_bbp_forum_subforum_count":0,"yasr_overall_rating":0,"yasr_post_is_review":"","yasr_auto_insert_disabled":"","yasr_review_type":"","footnotes":""},"class_list":["post-349","page","type-page","status-publish","hentry"],"yasr_visitor_votes":{"stars_attributes":{"read_only":true,"span_bottom":"<div class='yasr-small-block-bold'><span class='yasr-visitor-votes-must-sign-in'>You must sign in to vote<\/span><\/div>"},"number_of_votes":0,"sum_votes":0},"_links":{"self":[{"href":"https:\/\/www.mg-oberschan.ch\/wordpress\/wp-json\/wp\/v2\/pages\/349","targetHints":{"allow":["GET"]}}],"collection":[{"href":"https:\/\/www.mg-oberschan.ch\/wordpress\/wp-json\/wp\/v2\/pages"}],"about":[{"href":"https:\/\/www.mg-oberschan.ch\/wordpress\/wp-json\/wp\/v2\/types\/page"}],"author":[{"embeddable":true,"href":"https:\/\/www.mg-oberschan.ch\/wordpress\/wp-json\/wp\/v2\/users\/1"}],"replies":[{"embeddable":true,"href":"https:\/\/www.mg-oberschan.ch\/wordpress\/wp-json\/wp\/v2\/comments?post=349"}],"version-history":[{"count":4,"href":"https:\/\/www.mg-oberschan.ch\/wordpress\/wp-json\/wp\/v2\/pages\/349\/revisions"}],"predecessor-version":[{"id":358,"href":"https:\/\/www.mg-oberschan.ch\/wordpress\/wp-json\/wp\/v2\/pages\/349\/revisions\/358"}],"wp:attachment":[{"href":"https:\/\/www.mg-oberschan.ch\/wordpress\/wp-json\/wp\/v2\/media?parent=349"}],"curies":[{"name":"wp","href":"https:\/\/api.w.org\/{rel}","templated":true}]}}