{"id":7,"date":"2014-02-28T21:20:59","date_gmt":"2014-02-28T21:20:59","guid":{"rendered":"http:\/\/www.mg-oberschan.ch\/wordpress\/?page_id=7"},"modified":"2025-02-06T11:47:55","modified_gmt":"2025-02-06T10:47:55","slug":"ueber-uns","status":"publish","type":"page","link":"https:\/\/www.mg-oberschan.ch\/wordpress\/ueber-uns","title":{"rendered":"\u00dcber uns"},"content":{"rendered":"<div id=\"attachment_124\" style=\"width: 1034px\" class=\"wp-caption alignnone\"><a href=\"http:\/\/www.mg-oberschan.ch\/wordpress\/wp-content\/uploads\/2014\/03\/oberschan.jpg\"><img loading=\"lazy\" decoding=\"async\" aria-describedby=\"caption-attachment-124\" class=\"size-full wp-image-124\" src=\"http:\/\/www.mg-oberschan.ch\/wordpress\/wp-content\/uploads\/2014\/03\/oberschan.jpg\" alt=\"Dorf Oberschan\" width=\"1024\" height=\"768\" srcset=\"https:\/\/www.mg-oberschan.ch\/wordpress\/wp-content\/uploads\/2014\/03\/oberschan.jpg 1024w, https:\/\/www.mg-oberschan.ch\/wordpress\/wp-content\/uploads\/2014\/03\/oberschan-300x225.jpg 300w, https:\/\/www.mg-oberschan.ch\/wordpress\/wp-content\/uploads\/2014\/03\/oberschan-624x468.jpg 624w\" sizes=\"auto, (max-width: 1024px) 100vw, 1024px\" \/><\/a><p id=\"caption-attachment-124\" class=\"wp-caption-text\">Dorf Oberschan<\/p><\/div>\n<p>Die <em>Musikgesellschaft Oberschan <\/em>ist ein kleiner, aber feiner Verein im obersten der 7 D\u00f6rfer der Gemeinde Wartau. Wir spielen einfache, unseren F\u00e4higkeiten und unserer Gr\u00f6sse entsprechende Literatur von traditioneller bis moderner Blasmusik. Wir treten jedes Jahr an zahlreichen Anl\u00e4ssen auf und d\u00fcrfen immer auf ein treues Publikum z\u00e4hlen. Wir sp\u00fcren einen guten R\u00fcckhalt im Dorf und haben selbst viel Spass am Musizieren.<\/p>\n<p>Wir kooperieren eng mit der <a title=\"MG Azmoos\" href=\"http:\/\/www.mg-azmoos.ch\"><em>Musikgesellschaft Azmoos<\/em><\/a> und helfen uns gegenseitig aus. Wir <em>&#8220;Schaner&#8221;<\/em> sind eigenst\u00e4ndig spielf\u00e4hig, k\u00f6nnen aber auch immer auf treue Aushilfen der <em>&#8220;Atzmesser&#8221;<\/em> z\u00e4hlen. Wir sind auch offen f\u00fcr Mitwirkende von ausserhalb unseres Stammgebietes. Aktuell spielen mehrere Personen aus der Region mit, auf die wir sehr stolz sind und die wichtige St\u00fctzen unseres Vereins sind. Wir sind zuversichtlich, dass wir so die \u00fcber 150-j\u00e4hrige <em>Musikgesellschaft Oberschan<\/em>\u00a0weiterf\u00fchren zu k\u00f6nnen.<\/p>\n<p>Seit ein paar Jahren haben wir jedes Jahr einen gemeinsamen Auftritt mit der hervorragenden <em><a href=\"http:\/\/familienmusik-althaus.de\/\">Familienmusik Althaus<\/a><\/em> unseres Dirigenten Josef Althaus. Diese Auftritte sind f\u00fcr uns eine grosse Bereicherung und werden von unserem Publikum sehr gelobt.<\/p>\n<p>In unserem kleinen Verein sind wir auf jedes Mitglied angewiesen, jedes Mitglied nimmt eine wichtige Rolle ein. Das ist eine grosse Herausforderung, aber auch ein Privileg. Gl\u00fccklicherweise konnten wir in letzter Zeit trotz altersbedingten R\u00fccktritten unseren Bestand durch motivierte Neumitglieder sogar leicht erh\u00f6hen. Trotzdem stellt die kleine Mitgliederzahl f\u00fcr uns eine besondere Herausforderung dar und wir w\u00fcrden uns sehr \u00fcber junge bis \u00e4ltere Neumitglieder freuen.<\/p>\n<p>Anf\u00e4nger, gerne auch solche in bereits fortgeschrittenem Alter, unterst\u00fctzen wir sehr gerne in der Ausbildung. Wir k\u00f6nnen Instrumente abgeben und w\u00fcrden Dich auch theoretisch und praktisch ausbilden oder in Zusammenarbeit mit der Musikschule begleiten. Sehr fr\u00fch w\u00fcrden wir Dir die M\u00f6glichkeit bieten, im Verein mitzuspielen.<\/p>\n<p>Wir hoffen, Sie etwas angesprochen zu haben und w\u00fcrden uns freuen, Sie als Zuh\u00f6rer an unseren Auftritten oder Dich als Mitmusikant begr\u00fcssen zu d\u00fcrfen.<\/p>\n<p>Ihre <em>Musikgesellschaft Oberschan<\/em><\/p>\n<div id=\"attachment_1603\" style=\"width: 635px\" class=\"wp-caption alignnone\"><a href=\"http:\/\/www.mg-oberschan.ch\/wordpress\/wp-content\/uploads\/2014\/02\/oberschan.jpg\"><img loading=\"lazy\" decoding=\"async\" aria-describedby=\"caption-attachment-1603\" class=\"size-large wp-image-1603\" src=\"http:\/\/www.mg-oberschan.ch\/wordpress\/wp-content\/uploads\/2014\/02\/oberschan-1024x575.jpg\" alt=\"Oberschan\" width=\"625\" height=\"351\" srcset=\"https:\/\/www.mg-oberschan.ch\/wordpress\/wp-content\/uploads\/2014\/02\/oberschan-1024x575.jpg 1024w, https:\/\/www.mg-oberschan.ch\/wordpress\/wp-content\/uploads\/2014\/02\/oberschan-300x169.jpg 300w, https:\/\/www.mg-oberschan.ch\/wordpress\/wp-content\/uploads\/2014\/02\/oberschan-768x432.jpg 768w, https:\/\/www.mg-oberschan.ch\/wordpress\/wp-content\/uploads\/2014\/02\/oberschan-624x351.jpg 624w, https:\/\/www.mg-oberschan.ch\/wordpress\/wp-content\/uploads\/2014\/02\/oberschan-128x72.jpg 128w\" sizes=\"auto, (max-width: 625px) 100vw, 625px\" \/><\/a><p id=\"caption-attachment-1603\" class=\"wp-caption-text\">Oberschan<\/p><\/div>\n","protected":false},"excerpt":{"rendered":"<p>Die Musikgesellschaft Oberschan ist ein kleiner, aber feiner Verein im obersten der 7 D\u00f6rfer der Gemeinde Wartau. Wir spielen einfache, unseren F\u00e4higkeiten und unserer Gr\u00f6sse entsprechende Literatur von traditioneller bis moderner Blasmusik. Wir treten jedes Jahr an zahlreichen Anl\u00e4ssen auf und d\u00fcrfen immer auf ein treues Publikum z\u00e4hlen. Wir sp\u00fcren einen guten R\u00fcckhalt im Dorf [&hellip;]<\/p>\n","protected":false},"author":1,"featured_media":0,"parent":0,"menu_order":0,"comment_status":"closed","ping_status":"closed","template":"","meta":{"_bbp_topic_count":0,"_bbp_reply_count":0,"_bbp_total_topic_count":0,"_bbp_total_reply_count":0,"_bbp_voice_count":0,"_bbp_anonymous_reply_count":0,"_bbp_topic_count_hidden":0,"_bbp_reply_count_hidden":0,"_bbp_forum_subforum_count":0,"yasr_overall_rating":0,"yasr_post_is_review":"","yasr_auto_insert_disabled":"","yasr_review_type":"","footnotes":""},"class_list":["post-7","page","type-page","status-publish","hentry"],"yasr_visitor_votes":{"stars_attributes":{"read_only":true,"span_bottom":"<div class='yasr-small-block-bold'><span class='yasr-visitor-votes-must-sign-in'>You must sign in to vote<\/span><\/div>"},"number_of_votes":0,"sum_votes":0},"_links":{"self":[{"href":"https:\/\/www.mg-oberschan.ch\/wordpress\/wp-json\/wp\/v2\/pages\/7","targetHints":{"allow":["GET"]}}],"collection":[{"href":"https:\/\/www.mg-oberschan.ch\/wordpress\/wp-json\/wp\/v2\/pages"}],"about":[{"href":"https:\/\/www.mg-oberschan.ch\/wordpress\/wp-json\/wp\/v2\/types\/page"}],"author":[{"embeddable":true,"href":"https:\/\/www.mg-oberschan.ch\/wordpress\/wp-json\/wp\/v2\/users\/1"}],"replies":[{"embeddable":true,"href":"https:\/\/www.mg-oberschan.ch\/wordpress\/wp-json\/wp\/v2\/comments?post=7"}],"version-history":[{"count":18,"href":"https:\/\/www.mg-oberschan.ch\/wordpress\/wp-json\/wp\/v2\/pages\/7\/revisions"}],"predecessor-version":[{"id":2554,"href":"https:\/\/www.mg-oberschan.ch\/wordpress\/wp-json\/wp\/v2\/pages\/7\/revisions\/2554"}],"wp:attachment":[{"href":"https:\/\/www.mg-oberschan.ch\/wordpress\/wp-json\/wp\/v2\/media?parent=7"}],"curies":[{"name":"wp","href":"https:\/\/api.w.org\/{rel}","templated":true}]}}