{"id":803,"date":"2015-05-19T20:00:49","date_gmt":"2015-05-19T18:00:49","guid":{"rendered":"http:\/\/mg-oberschan.ch\/?page_id=803"},"modified":"2015-05-20T17:26:40","modified_gmt":"2015-05-20T15:26:40","slug":"christa-fluegelhorn","status":"publish","type":"page","link":"https:\/\/www.mg-oberschan.ch\/wordpress\/christa-fluegelhorn","title":{"rendered":"Christa, Wiedereinsteigerin"},"content":{"rendered":"<div style=\"background-color: whitesmoke;\">\n<div style=\"float: left; padding-right: 1cm;\">\n<div id=\"attachment_795\" style=\"width: 160px\" class=\"wp-caption alignnone\"><a href=\"http:\/\/www.mg-oberschan.ch\/wordpress\/wp-content\/uploads\/2015\/05\/Christa1.jpeg\"><img loading=\"lazy\" decoding=\"async\" aria-describedby=\"caption-attachment-795\" class=\"size-thumbnail wp-image-795\" src=\"http:\/\/www.mg-oberschan.ch\/wordpress\/wp-content\/uploads\/2015\/05\/Christa1-150x150.jpeg\" alt=\"Christa, Fl\u00fcgelhorn\" width=\"150\" height=\"150\" \/><\/a><p id=\"caption-attachment-795\" class=\"wp-caption-text\">Christa, Fl\u00fcgelhorn<\/p><\/div>\n<\/div>\n<p>Ich bin nicht das j\u00fcngste, aber das neueste Mitglied bei der MGO. Doch ganz so neu bin ich dann doch nicht. Ich war in meinen Jugendjahren schon bei der Musikgesellschaft Oberschan. Mein Vater und meine beiden Br\u00fcder spielten auch mit. Musik hat anscheinend auch Tradition in unserer Familie, spielten doch meine beiden Onkel auch bis ins hohe Alter bei Musikvereinen mit.<\/p>\n<p>Die Musikgesellschaft Oberschan hat, w\u00e4hrend ich noch die Primarschule besuchte, Jungmusikanten ausgebildet. Mit meinen Freundinnen wollte ich da mitmachen. Mein Ziel war es, nebst regelm\u00e4ssig bereits im Schulalter an Festen teilnehmen zu d\u00fcrfen, Klarinette spielen zu lernen, um sp\u00e4ter dann auch Saxophon zu spielen. Traurig war ich schon, als mir mitgeteilt wurde, dass die MGO nur zwei Klarinetten im Bestand habe und diese schon vergeben sind. Andere Instrumente waren noch verf\u00fcgbar. Mein Vater hat mich getr\u00f6stet und gemeint: \u201eTrompete isch doch o sch\u00f6a f\u00f6r a Meitli\u201c. So besuchte ich mit einer Schar anderer Jugendlichen mit \u201emeiner\u201c Trompete den Unterricht, lernte die Noten zu lesen und das Instrument zu spielen. Bald schon durften wir bei den \u201eGrossen\u201c mitspielen und erhielten eine schicke massgeschneiderte Uniform. Ich erlebte viele sch\u00f6ne gesellige Stunden und Feste mit der Musikgesellschaft Oberschan, schloss Freundschaften, die immer noch bestehen. Auch lernten wir an den Anl\u00e4ssen und Musikwettk\u00e4mpfen immer wieder viele andere junge Musikanten kennen.<\/p>\n<p>Nach meiner beendeten Berufslehre gab es eine lange musikalische Pause, die dauerte ungef\u00e4hr dreissig Jahre. Seit ich wieder im Wartau wohne, hatte ich immer mal wieder Kontakt zu der Musikgesellschaft Oberschan und auch zu den Azmooser Musikanten, besuchte auch einige ihrer Konzerte. Das eine oder andere Mal kam dann mal eine Anfrage, ob ich denn nicht wieder spielen m\u00f6chte. Mit kleinen Kindern zuhause wollte ich mich nicht verpflichten, wollte keinen Abend regelm\u00e4ssig weg sein und jedesmal einen H\u00fctedienst f\u00fcr die Proben und die Anl\u00e4sse organisieren.\u00a0 Zwischenzeitlich sind meine Kinder junge Erwachsene, ich kann abends wieder besser weg und ich habe auch Zeit zu \u00fcben.\u00a0 Ja, aber kann ich \u00fcberhaupt noch spielen? Ich habe doch sicher alles verlernt in den vielen Jahren. Meine Freundin, die bei einem anderen Verein spielt, brachte mir im Sommer 2013 spontan eine Trompete vorbei und meinte: Probier! Ich durfte das Instrument zuhause behalten und begann am selben Tag aus einem Kinderliederbuch (das einzige was zuhause mit Noten vorhanden war) zu \u00fcben. Das sprach sich anscheinend rum. Nach ein paar Wochen Kinderlieder rauf und runter, erhielt ich die Einladung zu einer Schnupperprobe bei der MGO. Mit etwas zittrigen Beinen stand ich da im Probelokal und wollte erst mal nur zuh\u00f6ren, das Instrument liess ich bewusst im Auto liegen. Der Pr\u00e4sident kraxelte aber sofort ins Instrumentendepot hoch und zauberte ein Cornet hervor, mit dem ich dann gleich die ganze Probe mitspielte. Es machte soviel Spass, dass ich auf die Frage: Kommst du n\u00e4chsten Donnerstag wieder, nicht anders als spontan mit JA antworten konnte. So habe ich ein tolles Hobby neu entdeckt und verbringe meine Freizeit gerne mit meinen Kollegen der Musikgesellschaft Oberschan. Mittlerweilen spiele ich ein wunderbares, neues Fl\u00fcgelhorn und freue mich immer sehr \u00fcber gelungene Auftritte, wenn sich das \u00dcben zuhause und die gemeinsamen Proben gelohnt haben. Es ist sch\u00f6n, wenn wir den Zuh\u00f6rern mit unseren Darbietungen eine Freude machen k\u00f6nnen und mit unserem gemischten Programm auch j\u00fcngere Zuh\u00f6rer begeistern k\u00f6nnen. Ich pers\u00f6nlich mag vor allem Popsongs und Balladen, die mit Blasmusik erstaunlich klingen und mir als Musikant beim \u00dcben bereits G\u00e4nsehaut bescheren.\n<\/p><\/div>\n","protected":false},"excerpt":{"rendered":"<p>Ich bin nicht das j\u00fcngste, aber das neueste Mitglied bei der MGO. Doch ganz so neu bin ich dann doch nicht. Ich war in meinen Jugendjahren schon bei der Musikgesellschaft Oberschan. Mein Vater und meine beiden Br\u00fcder spielten auch mit. Musik hat anscheinend auch Tradition in unserer Familie, spielten doch meine beiden Onkel auch bis [&hellip;]<\/p>\n","protected":false},"author":1,"featured_media":0,"parent":0,"menu_order":0,"comment_status":"closed","ping_status":"open","template":"","meta":{"_bbp_topic_count":0,"_bbp_reply_count":0,"_bbp_total_topic_count":0,"_bbp_total_reply_count":0,"_bbp_voice_count":0,"_bbp_anonymous_reply_count":0,"_bbp_topic_count_hidden":0,"_bbp_reply_count_hidden":0,"_bbp_forum_subforum_count":0,"yasr_overall_rating":0,"yasr_post_is_review":"","yasr_auto_insert_disabled":"","yasr_review_type":"","footnotes":""},"class_list":["post-803","page","type-page","status-publish","hentry"],"yasr_visitor_votes":{"stars_attributes":{"read_only":true,"span_bottom":"<div class='yasr-small-block-bold'><span class='yasr-visitor-votes-must-sign-in'>You must sign in to vote<\/span><\/div>"},"number_of_votes":0,"sum_votes":0},"_links":{"self":[{"href":"https:\/\/www.mg-oberschan.ch\/wordpress\/wp-json\/wp\/v2\/pages\/803","targetHints":{"allow":["GET"]}}],"collection":[{"href":"https:\/\/www.mg-oberschan.ch\/wordpress\/wp-json\/wp\/v2\/pages"}],"about":[{"href":"https:\/\/www.mg-oberschan.ch\/wordpress\/wp-json\/wp\/v2\/types\/page"}],"author":[{"embeddable":true,"href":"https:\/\/www.mg-oberschan.ch\/wordpress\/wp-json\/wp\/v2\/users\/1"}],"replies":[{"embeddable":true,"href":"https:\/\/www.mg-oberschan.ch\/wordpress\/wp-json\/wp\/v2\/comments?post=803"}],"version-history":[{"count":8,"href":"https:\/\/www.mg-oberschan.ch\/wordpress\/wp-json\/wp\/v2\/pages\/803\/revisions"}],"predecessor-version":[{"id":856,"href":"https:\/\/www.mg-oberschan.ch\/wordpress\/wp-json\/wp\/v2\/pages\/803\/revisions\/856"}],"wp:attachment":[{"href":"https:\/\/www.mg-oberschan.ch\/wordpress\/wp-json\/wp\/v2\/media?parent=803"}],"curies":[{"name":"wp","href":"https:\/\/api.w.org\/{rel}","templated":true}]}}