{"id":810,"date":"2015-05-19T20:12:10","date_gmt":"2015-05-19T18:12:10","guid":{"rendered":"http:\/\/mg-oberschan.ch\/?page_id=810"},"modified":"2015-05-20T17:26:10","modified_gmt":"2015-05-20T15:26:10","slug":"cornelia-spaeteinsteigerin","status":"publish","type":"page","link":"https:\/\/www.mg-oberschan.ch\/wordpress\/cornelia-spaeteinsteigerin","title":{"rendered":"Cornelia, Sp\u00e4teinsteigerin"},"content":{"rendered":"<div style=\"background-color: whitesmoke;\">\n<div style=\"float: left; padding-right: 1cm;\">\n<div id=\"attachment_781\" style=\"width: 160px\" class=\"wp-caption alignnone\"><a href=\"http:\/\/www.mg-oberschan.ch\/wordpress\/wp-content\/uploads\/2015\/05\/Conny.jpeg\"><img loading=\"lazy\" decoding=\"async\" aria-describedby=\"caption-attachment-781\" class=\"size-thumbnail wp-image-781\" src=\"http:\/\/www.mg-oberschan.ch\/wordpress\/wp-content\/uploads\/2015\/05\/Conny-150x150.jpeg\" alt=\"Cornelia, Tenorhorn\" width=\"150\" height=\"150\" \/><\/a><p id=\"caption-attachment-781\" class=\"wp-caption-text\">Cornelia, Tenorhorn<\/p><\/div>\n<\/div>\n<p class=\"p1\">Ich habe die Freude an der Musik und am Musizieren wohl von meinem Vater geerbt. Er war schon in jungen Jahren im Musikverein, war sp\u00e4ter Milit\u00e4rtrompeter und bis ins hohe Alter Musikant mit Leib und Seele. Von klein auf war ich bei jedem Auftritt dabei und es war mein gr\u00f6sster Wunsch, ein Instrument zu lernen, um auch mitspielen zu k\u00f6nnen.<\/p>\n<p class=\"p1\">Nur &#8211; unser Dorfverein nahm damals keine Frauen und M\u00e4dchen auf !!!<\/p>\n<p class=\"p1\">So blieb mir nur die Fl\u00f6tenstunde &#8211; und das 6 Jahre lang. Zumindest konnte ich nun Noten lesen&#8230;<\/p>\n<p class=\"p1\">Jahre sp\u00e4ter, ich war mittlerweile 23 Jahre alt, suchte der zweite Verein, in dem mein Vater und mein Bruder mitspielten, f\u00fcr eine LP- Aufnahme einen Cinellisten. Das war nun endlich meine Chance ( daf\u00fcr muss man ja nicht allzu viel k\u00f6nnen, dachte ich ) und ich ergriff sie.<\/p>\n<p class=\"p1\">Alles in allem etwa 12 Jahre lang schlug ich in verschiedenen Vereinen die Cinella, machte alles m\u00f6gliche an Perkussion.<\/p>\n<p class=\"p1\">Nach einer mehrj\u00e4hrigen Pause ( Kinder ) entschloss ich mich 2007, im &#8216;hohen&#8217; Alter von 47 Jahren, mir nun endlich meinen Kindheitstraum zu erf\u00fcllen und mein Wunschinstrument, das Tenorhorn, zu erlernen. 7 Jahre besuchte ich die Musikschule ( im Alter dauert halt alles etwas l\u00e4nger ;)) ) , trat aber bereits nach einem halben Jahr wieder in einen Verein ein und konnte so alle neuen St\u00fccke zus\u00e4tzlich in der Musikstunde einstudieren.<\/p>\n<p class=\"p1\">Zur Zeit spiele ich seit 5 Jahren bei den 2- L\u00e4nder Musikanten und seit bald 2 Jahren bei den Oberschanern mit.<\/p>\n<p class=\"p1\">Ich gehe mit Freude an jede Probe und an jeden Auftritt, habe einfach &#8216; d\u00e4 Plausch &#8216; am vielf\u00e4ltigen Repertoire und &#8211; etwas, das grad so wichtig ist &#8211; ich geniesse die Kameradschaft und die vielen geselligen Stunden mit meinen Kollegen!<\/p>\n<\/div>\n","protected":false},"excerpt":{"rendered":"<p>Ich habe die Freude an der Musik und am Musizieren wohl von meinem Vater geerbt. Er war schon in jungen Jahren im Musikverein, war sp\u00e4ter Milit\u00e4rtrompeter und bis ins hohe Alter Musikant mit Leib und Seele. Von klein auf war ich bei jedem Auftritt dabei und es war mein gr\u00f6sster Wunsch, ein Instrument zu lernen, [&hellip;]<\/p>\n","protected":false},"author":1,"featured_media":0,"parent":0,"menu_order":0,"comment_status":"closed","ping_status":"open","template":"","meta":{"_bbp_topic_count":0,"_bbp_reply_count":0,"_bbp_total_topic_count":0,"_bbp_total_reply_count":0,"_bbp_voice_count":0,"_bbp_anonymous_reply_count":0,"_bbp_topic_count_hidden":0,"_bbp_reply_count_hidden":0,"_bbp_forum_subforum_count":0,"yasr_overall_rating":0,"yasr_post_is_review":"","yasr_auto_insert_disabled":"","yasr_review_type":"","footnotes":""},"class_list":["post-810","page","type-page","status-publish","hentry"],"yasr_visitor_votes":{"stars_attributes":{"read_only":true,"span_bottom":"<div class='yasr-small-block-bold'><span class='yasr-visitor-votes-must-sign-in'>You must sign in to vote<\/span><\/div>"},"number_of_votes":0,"sum_votes":0},"_links":{"self":[{"href":"https:\/\/www.mg-oberschan.ch\/wordpress\/wp-json\/wp\/v2\/pages\/810","targetHints":{"allow":["GET"]}}],"collection":[{"href":"https:\/\/www.mg-oberschan.ch\/wordpress\/wp-json\/wp\/v2\/pages"}],"about":[{"href":"https:\/\/www.mg-oberschan.ch\/wordpress\/wp-json\/wp\/v2\/types\/page"}],"author":[{"embeddable":true,"href":"https:\/\/www.mg-oberschan.ch\/wordpress\/wp-json\/wp\/v2\/users\/1"}],"replies":[{"embeddable":true,"href":"https:\/\/www.mg-oberschan.ch\/wordpress\/wp-json\/wp\/v2\/comments?post=810"}],"version-history":[{"count":4,"href":"https:\/\/www.mg-oberschan.ch\/wordpress\/wp-json\/wp\/v2\/pages\/810\/revisions"}],"predecessor-version":[{"id":855,"href":"https:\/\/www.mg-oberschan.ch\/wordpress\/wp-json\/wp\/v2\/pages\/810\/revisions\/855"}],"wp:attachment":[{"href":"https:\/\/www.mg-oberschan.ch\/wordpress\/wp-json\/wp\/v2\/media?parent=810"}],"curies":[{"name":"wp","href":"https:\/\/api.w.org\/{rel}","templated":true}]}}