{"id":816,"date":"2015-05-19T20:30:47","date_gmt":"2015-05-19T18:30:47","guid":{"rendered":"http:\/\/mg-oberschan.ch\/?page_id=816"},"modified":"2015-05-20T17:25:45","modified_gmt":"2015-05-20T15:25:45","slug":"rebecca-und-damian-jungeinsteiger","status":"publish","type":"page","link":"https:\/\/www.mg-oberschan.ch\/wordpress\/rebecca-und-damian-jungeinsteiger","title":{"rendered":"Damian und Rebecca, Jungeinsteiger"},"content":{"rendered":"<div style=\"background-color: whitesmoke;\">\n<div style=\"float: left; padding-right: 1cm;\">\n<div id=\"attachment_785\" style=\"width: 160px\" class=\"wp-caption alignnone\"><a href=\"http:\/\/www.mg-oberschan.ch\/wordpress\/wp-content\/uploads\/2015\/05\/Damian.jpeg\"><img loading=\"lazy\" decoding=\"async\" aria-describedby=\"caption-attachment-785\" class=\"size-thumbnail wp-image-785\" src=\"http:\/\/www.mg-oberschan.ch\/wordpress\/wp-content\/uploads\/2015\/05\/Damian-150x150.jpeg\" alt=\"Damian, Es-Alt Saxophon\" width=\"150\" height=\"150\" \/><\/a><p id=\"caption-attachment-785\" class=\"wp-caption-text\">Damian, Es-Alt Saxophon<\/p><\/div>\n<div id=\"attachment_786\" style=\"width: 160px\" class=\"wp-caption alignnone\"><a href=\"http:\/\/www.mg-oberschan.ch\/wordpress\/wp-content\/uploads\/2015\/05\/Rebecca.jpeg\"><img loading=\"lazy\" decoding=\"async\" aria-describedby=\"caption-attachment-786\" class=\"size-thumbnail wp-image-786\" src=\"http:\/\/www.mg-oberschan.ch\/wordpress\/wp-content\/uploads\/2015\/05\/Rebecca-150x150.jpeg\" alt=\"Rebecca, Klarinette\" width=\"150\" height=\"150\" \/><\/a><p id=\"caption-attachment-786\" class=\"wp-caption-text\">Rebecca, Klarinette<\/p><\/div>\n<\/div>\n<p>Da wir in einer musikbegeisterten Familie aufgewachsen sind, war es f\u00fcr uns beide klar, dass wir ein Instrument erlernen werden. Als wir uns f\u00fcr ein Instrument entschieden hatten (Rebecca Klarinette und Damian Saxophon), besuchten wir die Musikschule Sarganserland. Wir wollten wie unser Grossvater und unsere Mutter in der MGO mitspielen.<\/p>\n<p>Unsere Karriere begannen wir jedoch zuerst in der Jugendmusik Wartau. Dort konnten wir erste Erfahrungen im Zusammenspiel mit Anderen machen, dies war f\u00fcr uns sehr lehrreich, da wir in der Musikschule fast nur Einzelunterricht hatten. Die Jugendmusik wurde mit den Jahren immer kleiner, und wurde deshalb sp\u00e4ter aufgel\u00f6st. Deswegen wechselten wir in die Musikgesellschaft Oberschan. Wir hatten nun unser Ziel erreicht und spielten in der gleichen Musik wie unsere Mutter und unser Grossvater, was uns alle sehr stolz machte. Obwohl wir die einzigen \u201eJungmusikanten\u201c waren, st\u00f6rte uns der grosse Altersunterschied zu unseren Musikkollegen nicht, denn sie empfingen uns mit offenen Armen und waren froh, dass es Nachwuchs gab.<\/p>\n<p>Das Zusammenspiel mit den \u201eGrossen\u201c war aber nicht immer einfach, da unsere Musikgeschm\u00e4cker doch ein wenig anders waren und sind. Dennoch fanden wir mit den Jahren gute Kompromisse. Die Proben und auch die Auftritte bereiteten uns immer grosse Freude. In den letzten beiden Jahren hat sich Vieles in dieser Musik ver\u00e4ndert, es sind neue Mitglieder dazu gekommen (was uns sehr freut) und wir haben auch einen neuen Dirigenten. Ebenfalls hat sich bei uns Vieles ver\u00e4ndert, da wir schulisch etwas mehr eingespannt sind, k\u00f6nnen wir nicht mehr jede einzelne Probe besuchen. Dennoch freuen wir uns immer, wenn wir mit unseren Musikkollegen zusammen musizieren d\u00fcrfen. Wir hoffen, dass wir weiterhin in so einer tollen Musik zusammenspielen d\u00fcrfen, und dass wir bald einige neue Gesichter begr\u00fcssen d\u00fcrfen.\n<\/p><\/div>\n","protected":false},"excerpt":{"rendered":"<p>Da wir in einer musikbegeisterten Familie aufgewachsen sind, war es f\u00fcr uns beide klar, dass wir ein Instrument erlernen werden. Als wir uns f\u00fcr ein Instrument entschieden hatten (Rebecca Klarinette und Damian Saxophon), besuchten wir die Musikschule Sarganserland. Wir wollten wie unser Grossvater und unsere Mutter in der MGO mitspielen. Unsere Karriere begannen wir jedoch [&hellip;]<\/p>\n","protected":false},"author":1,"featured_media":0,"parent":0,"menu_order":0,"comment_status":"closed","ping_status":"open","template":"","meta":{"_bbp_topic_count":0,"_bbp_reply_count":0,"_bbp_total_topic_count":0,"_bbp_total_reply_count":0,"_bbp_voice_count":0,"_bbp_anonymous_reply_count":0,"_bbp_topic_count_hidden":0,"_bbp_reply_count_hidden":0,"_bbp_forum_subforum_count":0,"yasr_overall_rating":0,"yasr_post_is_review":"","yasr_auto_insert_disabled":"","yasr_review_type":"","footnotes":""},"class_list":["post-816","page","type-page","status-publish","hentry"],"yasr_visitor_votes":{"stars_attributes":{"read_only":true,"span_bottom":"<div class='yasr-small-block-bold'><span class='yasr-visitor-votes-must-sign-in'>You must sign in to vote<\/span><\/div>"},"number_of_votes":0,"sum_votes":0},"_links":{"self":[{"href":"https:\/\/www.mg-oberschan.ch\/wordpress\/wp-json\/wp\/v2\/pages\/816","targetHints":{"allow":["GET"]}}],"collection":[{"href":"https:\/\/www.mg-oberschan.ch\/wordpress\/wp-json\/wp\/v2\/pages"}],"about":[{"href":"https:\/\/www.mg-oberschan.ch\/wordpress\/wp-json\/wp\/v2\/types\/page"}],"author":[{"embeddable":true,"href":"https:\/\/www.mg-oberschan.ch\/wordpress\/wp-json\/wp\/v2\/users\/1"}],"replies":[{"embeddable":true,"href":"https:\/\/www.mg-oberschan.ch\/wordpress\/wp-json\/wp\/v2\/comments?post=816"}],"version-history":[{"count":7,"href":"https:\/\/www.mg-oberschan.ch\/wordpress\/wp-json\/wp\/v2\/pages\/816\/revisions"}],"predecessor-version":[{"id":854,"href":"https:\/\/www.mg-oberschan.ch\/wordpress\/wp-json\/wp\/v2\/pages\/816\/revisions\/854"}],"wp:attachment":[{"href":"https:\/\/www.mg-oberschan.ch\/wordpress\/wp-json\/wp\/v2\/media?parent=816"}],"curies":[{"name":"wp","href":"https:\/\/api.w.org\/{rel}","templated":true}]}}