{"id":823,"date":"2015-05-19T20:37:30","date_gmt":"2015-05-19T18:37:30","guid":{"rendered":"http:\/\/mg-oberschan.ch\/?page_id=823"},"modified":"2015-05-20T17:24:33","modified_gmt":"2015-05-20T15:24:33","slug":"andreas-wiedereinsteiger","status":"publish","type":"page","link":"https:\/\/www.mg-oberschan.ch\/wordpress\/andreas-wiedereinsteiger","title":{"rendered":"Andreas, Wiedereinsteiger"},"content":{"rendered":"<div style=\"background-color: whitesmoke;\">\n<div style=\"float: left; padding-right: 1cm;\">\n<div id=\"attachment_783\" style=\"width: 160px\" class=\"wp-caption alignnone\"><a href=\"http:\/\/www.mg-oberschan.ch\/wordpress\/wp-content\/uploads\/2015\/05\/Andreas.jpeg\"><img loading=\"lazy\" decoding=\"async\" aria-describedby=\"caption-attachment-783\" class=\"size-thumbnail wp-image-783\" src=\"http:\/\/www.mg-oberschan.ch\/wordpress\/wp-content\/uploads\/2015\/05\/Andreas-150x150.jpeg\" alt=\"Andreas, Tenorhorn\" width=\"150\" height=\"150\" \/><\/a><p id=\"caption-attachment-783\" class=\"wp-caption-text\">Andreas, Tenorhorn<\/p><\/div>\n<\/div>\n<p>Ich stamme m\u00fctterlicherseits aus einer Musikantenfamilie. Mein Grossvater und einige andere seiner Familie waren Milit\u00e4rmusiker und nat\u00fcrlich auch Mitglieder der Musikgesellschaft Oberschan. So weit habe ich es nicht gebracht, die Freude an der Musik habe ich aber wohl doch geerbt und zu rund 10 Jahren Mitgliedschaft in der Musikgesellschaft Azmoos hat es in jungen Jahren auch\u00a0gereicht. Mit dem Antritt meiner ersten Arbeitsstelle trat ich aus der\u00a0MG Azmoos aus, kaufte mir aber sofort eine sch\u00f6ne Trompete, die allerdings dann f\u00fcr mehr als 20 Jahre unbenutzt in einem Kasten lagerte.<\/p>\n<p>Eigentlich vermisste ich das Musizieren immer ein wenig und es kam mir sehr gelegen, dass ich vor einigen Jahren dem\u00a0hervorragenden\u00a0Trompeter und Musiklehrer Kurt Rothenberger \u00fcber den Weg lief.\u00a0Seine Spieltechnik interessierte mich und ich entschloss mich, die Trompete auszugraben und nach seiner Methodik zu \u00fcben. Ich genoss die Unabh\u00e4ngigkeit, spielte ein wenig f\u00fcr mich und gelegentlich in Formationen von Kurt und wollte auf keinen Fall wieder einem Verein beitreten. Irgendwie kam es dann doch\u00a0anders und ich sass irgendwann in den Reihen der MG Oberschan, zuerst mit der Trompete, sp\u00e4ter mit dem Tenorhorn. Nach ein paar Jahren, nachdem\u00a0ich jedes Jahr f\u00fcr guten Probenbesuch mit Wein belohnt worden war, realisierte\u00a0ich, dass ich l\u00e4ngst in den Verein integriert war und es mir auch gut gefiel. Seit 2 Jahren bin ich nun &#8220;richtiges&#8221; Mitglied und m\u00f6chte dies weiter bleiben.<\/p>\n<\/div>\n","protected":false},"excerpt":{"rendered":"<p>Ich stamme m\u00fctterlicherseits aus einer Musikantenfamilie. Mein Grossvater und einige andere seiner Familie waren Milit\u00e4rmusiker und nat\u00fcrlich auch Mitglieder der Musikgesellschaft Oberschan. So weit habe ich es nicht gebracht, die Freude an der Musik habe ich aber wohl doch geerbt und zu rund 10 Jahren Mitgliedschaft in der Musikgesellschaft Azmoos hat es in jungen Jahren [&hellip;]<\/p>\n","protected":false},"author":1,"featured_media":0,"parent":0,"menu_order":0,"comment_status":"closed","ping_status":"open","template":"","meta":{"_bbp_topic_count":0,"_bbp_reply_count":0,"_bbp_total_topic_count":0,"_bbp_total_reply_count":0,"_bbp_voice_count":0,"_bbp_anonymous_reply_count":0,"_bbp_topic_count_hidden":0,"_bbp_reply_count_hidden":0,"_bbp_forum_subforum_count":0,"yasr_overall_rating":0,"yasr_post_is_review":"","yasr_auto_insert_disabled":"","yasr_review_type":"","footnotes":""},"class_list":["post-823","page","type-page","status-publish","hentry"],"yasr_visitor_votes":{"stars_attributes":{"read_only":true,"span_bottom":"<div class='yasr-small-block-bold'><span class='yasr-visitor-votes-must-sign-in'>You must sign in to vote<\/span><\/div>"},"number_of_votes":0,"sum_votes":0},"_links":{"self":[{"href":"https:\/\/www.mg-oberschan.ch\/wordpress\/wp-json\/wp\/v2\/pages\/823","targetHints":{"allow":["GET"]}}],"collection":[{"href":"https:\/\/www.mg-oberschan.ch\/wordpress\/wp-json\/wp\/v2\/pages"}],"about":[{"href":"https:\/\/www.mg-oberschan.ch\/wordpress\/wp-json\/wp\/v2\/types\/page"}],"author":[{"embeddable":true,"href":"https:\/\/www.mg-oberschan.ch\/wordpress\/wp-json\/wp\/v2\/users\/1"}],"replies":[{"embeddable":true,"href":"https:\/\/www.mg-oberschan.ch\/wordpress\/wp-json\/wp\/v2\/comments?post=823"}],"version-history":[{"count":9,"href":"https:\/\/www.mg-oberschan.ch\/wordpress\/wp-json\/wp\/v2\/pages\/823\/revisions"}],"predecessor-version":[{"id":853,"href":"https:\/\/www.mg-oberschan.ch\/wordpress\/wp-json\/wp\/v2\/pages\/823\/revisions\/853"}],"wp:attachment":[{"href":"https:\/\/www.mg-oberschan.ch\/wordpress\/wp-json\/wp\/v2\/media?parent=823"}],"curies":[{"name":"wp","href":"https:\/\/api.w.org\/{rel}","templated":true}]}}